{"id":3722,"date":"2025-12-09T13:13:14","date_gmt":"2025-12-09T12:13:14","guid":{"rendered":"https:\/\/natuscape.pl\/?post_type=product&#038;p=3722"},"modified":"2026-04-02T16:13:03","modified_gmt":"2026-04-02T14:13:03","slug":"qualdrop-molt-food-supporting-molting-in-shrimps-kopia","status":"publish","type":"product","link":"https:\/\/natuscape.pl\/en\/produkt\/qualdrop-molt-food-supporting-molting-in-shrimps-kopia\/","title":{"rendered":"Qualdrop Vital Basic Food for Shrimps"},"content":{"rendered":"<p><b>A nutritious diet every day<\/b><span style=\"font-weight: 400;\"><br \/>\n<\/span><b>Qualdrop Vital<\/b><span style=\"font-weight: 400;\"> is a complete food intended for the daily feeding of ornamental shrimp. Based on carefully selected nutrients, it supports the proper development, health, and condition of the animals, while providing essential substances that support immunity.  <\/span><\/p>\n<p><b>Balanced composition and natural immune support<\/b><span style=\"font-weight: 400;\"><br \/>\n<\/span><b>Vital food contains<\/b><span style=\"font-weight: 400;\"> a set of essential unsaturated fatty acids (<\/span><b>EFAs): DHA, EPA, and ARA<\/b><span style=\"font-weight: 400;\">, as well as <\/span><b>nucleotides, vitamins, and micro- and macroelements<\/b><span style=\"font-weight: 400;\"> necessary for optimal shrimp growth and supports natural pigmentation patterns.<\/span><\/p>\n<p><span style=\"font-weight: 400;\"> It has also been enriched with natural garlic and spinach extracts, which support the immune system and increase the natural resistance of shrimp to disease and environmental stress.<\/span><\/p>\n<p><b>Safe and durable in water<\/b><span style=\"font-weight: 400;\"><br \/>\n<\/span><span style=\"font-weight: 400;\">Thanks to a special production process and the use of natural binding substances, <\/span><b>Vital<\/b> food<span style=\"font-weight: 400;\"> It does not dissolve in water and does not contaminate the ground. Zachowuje mi\u0119kk\u0105, elastyczn\u0105 struktur\u0119, kt\u00f3ra pozostaje dost\u0119pna dla krewetek przez d\u0142ugi czas, co sprzyja ich spokojnemu, naturalnemu \u017cerowaniu.<\/span><\/p>\n","protected":false},"excerpt":{"rendered":"<p><span style=\"font-weight: 400;\">A complete staple food for ornamental shrimp, supporting their immunity, growth, and natural coloration. Contains garlic and spinach extracts and a balanced set of vitamins and minerals. <\/span><\/p>\n","protected":false},"featured_media":3730,"comment_status":"open","ping_status":"closed","template":"","meta":{"_acf_changed":false},"product_brand":[],"product_cat":[146,147],"product_tag":[],"class_list":{"0":"post-3722","1":"product","2":"type-product","3":"status-publish","4":"has-post-thumbnail","6":"product_cat-food","7":"product_cat-for-shrimps","9":"first","10":"instock","11":"taxable","12":"shipping-taxable","13":"purchasable","14":"product-type-variable"},"acf":[],"_links":{"self":[{"href":"https:\/\/natuscape.pl\/en\/wp-json\/wp\/v2\/product\/3722","targetHints":{"allow":["GET"]}}],"collection":[{"href":"https:\/\/natuscape.pl\/en\/wp-json\/wp\/v2\/product"}],"about":[{"href":"https:\/\/natuscape.pl\/en\/wp-json\/wp\/v2\/types\/product"}],"replies":[{"embeddable":true,"href":"https:\/\/natuscape.pl\/en\/wp-json\/wp\/v2\/comments?post=3722"}],"wp:featuredmedia":[{"embeddable":true,"href":"https:\/\/natuscape.pl\/en\/wp-json\/wp\/v2\/media\/3730"}],"wp:attachment":[{"href":"https:\/\/natuscape.pl\/en\/wp-json\/wp\/v2\/media?parent=3722"}],"wp:term":[{"taxonomy":"product_brand","embeddable":true,"href":"https:\/\/natuscape.pl\/en\/wp-json\/wp\/v2\/product_brand?post=3722"},{"taxonomy":"product_cat","embeddable":true,"href":"https:\/\/natuscape.pl\/en\/wp-json\/wp\/v2\/product_cat?post=3722"},{"taxonomy":"product_tag","embeddable":true,"href":"https:\/\/natuscape.pl\/en\/wp-json\/wp\/v2\/product_tag?post=3722"}],"curies":[{"name":"wp","href":"https:\/\/api.w.org\/{rel}","templated":true}]}}