{"id":3056,"date":"2025-12-09T08:12:13","date_gmt":"2025-12-09T07:12:13","guid":{"rendered":"https:\/\/natuscape.pl\/?post_type=product&#038;p=3056"},"modified":"2025-12-09T08:47:44","modified_gmt":"2025-12-09T07:47:44","slug":"filtr-ultramax-kopia","status":"publish","type":"product","link":"https:\/\/natuscape.pl\/en\/produkt\/filtr-ultramax-kopia\/","title":{"rendered":"Aquael FZN PRO"},"content":{"rendered":"<p><b>Seria filtr\u00f3w kaskadowych FZN PRO<\/b><\/p>\n<p><span style=\"font-weight: 400;\">Another idea for a cascade filter in the Aquael portfolio. Modern, exceptionally quiet, designed for aquariums of various sizes \u2014 from small nano tanks to large aquariums with a capacity of up to 300 liters. It combines high performance, ease of use, and energy-efficient design to guarantee crystal clear water with minimal effort on the part of the user.  <\/span><\/p>\n<p><span style=\"font-weight: 400;\">The cascading flow of water creates a gentle movement of the surface, supporting gas exchange and improving oxygenation, while giving the aquarium a natural, aesthetic wave effect. Thanks to this,  <\/span><b>filters FZN PRO<\/b><span style=\"font-weight: 400;\"> work greatly not only in aquariums freshwater, but also in tanks marine and arrangements such as aquascaping.<\/span><\/p>\n<p><b>Simple operation and replaceable cartridges for filtration<\/b><\/p>\n<p><span style=\"font-weight: 400;\">The basic idea behind the series <\/span><b>FZN PRO<\/b><span style=\"font-weight: 400;\"> maximum comfort. The manufacturer has used a system  <\/span><b>easily replaceable cartridges<\/b><span style=\"font-weight: 400;\">, which significantly reduces the time required for operation and maintenance. The filter has from 1 to 6 containers (depending on the model), into which you simply insert sachets with selected filtration media. <\/span><\/p>\n<p><span style=\"font-weight: 400;\">There are three types of dedicated cartridges available:<\/span><\/p>\n<ul>\n<li style=\"font-weight: 400;\" aria-level=\"1\"><b>Media Pack Standard<\/b><span style=\"font-weight: 400;\"> \u2013 provides effective mechanical and biological filtration,<\/span><\/li>\n<li style=\"font-weight: 400;\" aria-level=\"1\"><b>Media Pack Carbomax<\/b><span style=\"font-weight: 400;\"> \u2013 removes organic contaminants and improves the clarity of water,<\/span><\/li>\n<li style=\"font-weight: 400;\" aria-level=\"1\"><b>Media Pack Phosmax<\/b><span style=\"font-weight: 400;\"> \u2013 reduces excess phosphates, limiting the growth of algae.<\/span><\/li>\n<\/ul>\n<p><b>Quiet operation and refined design<\/b><\/p>\n<p><span style=\"font-weight: 400;\">The motor is located underwater, ensuring virtually silent operation (approx. 32 dB), automatic filling after connection, and automatic restart after a power failure.<\/span><span style=\"font-weight: 400;\"><br \/>\n<\/span><span style=\"font-weight: 400;\">All points of contact of the filter with glass were covered <\/span><b>rubber elements<\/b><span style=\"font-weight: 400;\">, which suppress vibrations and eliminate unwanted sounds. On the other hand, in turn  <\/span><b>holes linear in the housing<span style=\"font-weight: 400;\"> limit the effect of resonance and support additional gas exchange . <\/span><\/b><\/p>\n<p><span style=\"font-weight: 400;\">Attached <\/span><b>knob tilt<\/b><span style=\"font-weight: 400;\"> allows you to precisely set the angle of the device and the water flow level, adjusting the filter to your individual needs and the shape of the aquarium. The whole thing has been designed so that the filter is ready to use right out of the box. <\/span><\/p>\n<p><b>Thoughtful details for your comfort<\/b><\/p>\n<p>Each model in the series FZN PRO has been designed with the idea of everyday comfort of use in mind. Adjustable telescopic suction tube allows to adjust the length to a16&gt; to the height of the aquarium, while in the model FZN PRO 400 a rigid tube with a fixed length has been used. a22&gt; rigid tube with a fixed length, ideal for smaller tanks.<span style=\"font-weight: 400;\"><br \/>\n<\/span><span style=\"font-weight: 400;\">Slim housing (7.5\u20139.5 cm thick depending on the model) does not take up much space behind the aquarium, and <\/span><b>the outlet flush with the surface of the water<\/b><span style=\"font-weight: 400;\"> eliminates the noise of overflowing. <\/span><\/p>\n<p><span style=\"font-weight: 400;\">The set also includes a surface skimmer<\/span><b><\/b><span style=\"font-weight: 400;\">, which removes dust, grease deposits, and organic debris from the water surface while improving oxygenation. The skimmer operates without the need for electricity\u2014it is mounted directly on the suction pipe and can be easily removed if necessary.  <\/span><b>The FZN PRO 400 model does not include a skimmer.<\/b><\/p>\n<p><b>Durability and safety of use<\/b><\/p>\n<p><span style=\"font-weight: 400;\">The filter construction is made of <\/span><b>non-corrosive, moisture-resistant materials<\/b><span style=\"font-weight: 400;\">, making the device suitable for both freshwater and marine aquariums. The absence of hoses completely eliminates the risk of leaks, and access to the impeller and reservoirs has been designed to make cleaning and replacing cartridges quick and intuitive. <\/span><\/p>\n<p><span style=\"font-weight: 400;\">Stability, simplicity of use, refined details, enormous versatility of application make it <\/span><b>Aquael FZN PRO<\/b><span style=\"font-weight: 400;\"> is a cascade filter that a19&gt; meets the requirements of both beginners and advanced aquarists. <\/span><\/p>\n","protected":false},"excerpt":{"rendered":"<p><span style=\"font-weight: 400;\">Filtry z serii FZN PRO \u2013 wyj\u0105tkowo ciche, proste w obs\u0142udze, o ogromnym potencjale ich wykorzystania. Sprawdz\u0105 si\u0119 zar\u00f3wno w kompaktowych nanoakwariach, jak i w du\u017cych, rozbudowanych zbiornikach. <\/span><\/p>\n","protected":false},"featured_media":3127,"comment_status":"open","ping_status":"closed","template":"","meta":{"_acf_changed":false},"product_brand":[],"product_cat":[129,117],"product_tag":[],"class_list":{"0":"post-3056","1":"product","2":"type-product","3":"status-publish","4":"has-post-thumbnail","6":"product_cat-cascading","7":"product_cat-filters","9":"first","10":"instock","11":"taxable","12":"shipping-taxable","13":"purchasable","14":"product-type-variable"},"acf":[],"_links":{"self":[{"href":"https:\/\/natuscape.pl\/en\/wp-json\/wp\/v2\/product\/3056","targetHints":{"allow":["GET"]}}],"collection":[{"href":"https:\/\/natuscape.pl\/en\/wp-json\/wp\/v2\/product"}],"about":[{"href":"https:\/\/natuscape.pl\/en\/wp-json\/wp\/v2\/types\/product"}],"replies":[{"embeddable":true,"href":"https:\/\/natuscape.pl\/en\/wp-json\/wp\/v2\/comments?post=3056"}],"wp:featuredmedia":[{"embeddable":true,"href":"https:\/\/natuscape.pl\/en\/wp-json\/wp\/v2\/media\/3127"}],"wp:attachment":[{"href":"https:\/\/natuscape.pl\/en\/wp-json\/wp\/v2\/media?parent=3056"}],"wp:term":[{"taxonomy":"product_brand","embeddable":true,"href":"https:\/\/natuscape.pl\/en\/wp-json\/wp\/v2\/product_brand?post=3056"},{"taxonomy":"product_cat","embeddable":true,"href":"https:\/\/natuscape.pl\/en\/wp-json\/wp\/v2\/product_cat?post=3056"},{"taxonomy":"product_tag","embeddable":true,"href":"https:\/\/natuscape.pl\/en\/wp-json\/wp\/v2\/product_tag?post=3056"}],"curies":[{"name":"wp","href":"https:\/\/api.w.org\/{rel}","templated":true}]}}